{"id":190,"date":"2026-02-03T12:50:04","date_gmt":"2026-02-03T12:50:04","guid":{"rendered":"https:\/\/dev.nordicsteelforce.dk\/?page_id=190"},"modified":"2026-02-03T13:27:36","modified_gmt":"2026-02-03T13:27:36","slug":"om-os","status":"publish","type":"page","link":"https:\/\/dev.nordicsteelforce.dk\/?page_id=190","title":{"rendered":"Om os"},"content":{"rendered":"\t\t<div data-elementor-type=\"wp-page\" data-elementor-id=\"190\" class=\"elementor elementor-190\" data-elementor-post-type=\"page\">\n\t\t\t\t<div class=\"elementor-element elementor-element-25a2aa2d e-flex e-con-boxed e-con e-parent\" data-id=\"25a2aa2d\" data-element_type=\"container\" data-e-type=\"container\" data-settings=\"{&quot;background_background&quot;:&quot;classic&quot;}\">\n\t\t\t\t\t<div class=\"e-con-inner\">\n\t\t\t\t<div class=\"elementor-element elementor-element-5b7bb463 animated-slow elementor-invisible elementor-widget elementor-widget-heading\" data-id=\"5b7bb463\" data-element_type=\"widget\" data-e-type=\"widget\" data-settings=\"{&quot;_animation&quot;:&quot;slideInUp&quot;}\" data-widget_type=\"heading.default\">\n\t\t\t\t\t<h2 class=\"elementor-heading-title elementor-size-default\">Nordic Steel Force<\/h2>\t\t\t\t<\/div>\n\t\t\t\t<div class=\"elementor-element elementor-element-78663c6b animated-slow elementor-invisible elementor-widget elementor-widget-heading\" data-id=\"78663c6b\" data-element_type=\"widget\" data-e-type=\"widget\" data-settings=\"{&quot;_animation&quot;:&quot;slideInUp&quot;}\" data-widget_type=\"heading.default\">\n\t\t\t\t\t<h2 class=\"elementor-heading-title elementor-size-default\">OM os<\/h2>\t\t\t\t<\/div>\n\t\t\t\t\t<\/div>\n\t\t\t\t<\/div>\n\t\t<div class=\"elementor-element elementor-element-44aa667e e-flex e-con-boxed e-con e-parent\" data-id=\"44aa667e\" data-element_type=\"container\" data-e-type=\"container\" data-settings=\"{&quot;background_background&quot;:&quot;classic&quot;}\">\n\t\t\t\t\t<div class=\"e-con-inner\">\n\t\t\t\t<div class=\"elementor-element elementor-element-669ad474 elementor-widget__width-initial elementor-widget elementor-widget-image-box\" data-id=\"669ad474\" data-element_type=\"widget\" data-e-type=\"widget\" data-widget_type=\"image-box.default\">\n\t\t\t\t\t<div class=\"elementor-image-box-wrapper\"><div class=\"elementor-image-box-content\"><h3 class=\"elementor-image-box-title\">Hvem er vi?<\/h3><p class=\"elementor-image-box-description\">Velkommen til Nordic Steel Force - din p\u00e5lidelige leverand\u00f8r og samarbejdspartner inden for metalbearbejdning i sort- og rustfrit st\u00e5l samt aluminium. Vi har leveret de bedste l\u00f8sninger og tjenester til vores kunder siden 2007. Vores m\u00e5l er at opbygge langvarige relationer med vores kunder gennem tillid, gennemsigtighed og samarbejde fra start til slut. Vi fokuserer p\u00e5 kvalitet, kundetilfredshed og succes og str\u00e6ber efter at sikre, at vores kunder er tilfredse med det udf\u00f8rte arbejde.\n\n<br><br>Vores erfarne smede og maskinteknikere har en bred vifte af f\u00e6rdigheder og ekspertise, der giver os mulighed for at t\u00e6nke kreativt og innovativt for at optimere og forbedre vores kunders produkter og processer. Vi kan tilbyde manuel svejsning, robotsvejsning, lasersk\u00e6ring, bukning, valsning, CNC-bearbejdning og meget mere. Vi kan skr\u00e6ddersy vores l\u00f8sninger til dine behov og krav og er altid glade for at r\u00e5dgive dig og finde den bedste l\u00f8sning til dit projekt.\n\n<br><br>Vi er forpligtet til at opretholde de h\u00f8jeste standarder for sikkerhed og kvalitet i vores arbejde. Vi f\u00f8lger n\u00f8dvendige procedurer og retningslinjer for at sikre, at vores arbejde er sikkert og opfylder de n\u00f8dvendige krav.\n\n<br><br>Vi samarbejder med og leverer til virksomheder inden for forskellige omr\u00e5der, herunder produktionsvirksomheder inden for offshore industrien, forsyningsindustrien, forsyningsv\u00e6rker, offentlige institutioner, h\u00e5ndv\u00e6rksvirksomheder, andre st\u00e5lvirksomheder og private kunder. Uanset vores kunders behov, er vores prim\u00e6re m\u00e5l at levere den optimale l\u00f8sning og v\u00e6rdiskabelse for vores kunder.\n\n<br><br>Hos Nordic Steel Force tror vi p\u00e5 samarbejde og en \u00e5ben dialog, og derfor opfordrer vi altid vores kunder til at kontakte os for at l\u00e6re mere om, hvordan vi kan hj\u00e6lpe med deres n\u00e6ste projekt. Kontakt os i dag, og lad os hj\u00e6lpe dig med at opn\u00e5 dine m\u00e5l med vores ekspertise.<\/p><\/div><\/div>\t\t\t\t<\/div>\n\t\t\t\t<div class=\"elementor-element elementor-element-e2058f6 elementor-widget__width-initial elementor-widget elementor-widget-image\" data-id=\"e2058f6\" data-element_type=\"widget\" data-e-type=\"widget\" data-widget_type=\"image.default\">\n\t\t\t\t\t\t\t\t\t\t\t\t\t\t\t<img fetchpriority=\"high\" decoding=\"async\" width=\"768\" height=\"1024\" src=\"https:\/\/dev.nordicsteelforce.dk\/wp-content\/uploads\/2026\/01\/DSC08895-2-768x1024.jpg\" class=\"attachment-large size-large wp-image-29\" alt=\"\" srcset=\"https:\/\/dev.nordicsteelforce.dk\/wp-content\/uploads\/2026\/01\/DSC08895-2-768x1024.jpg 768w, https:\/\/dev.nordicsteelforce.dk\/wp-content\/uploads\/2026\/01\/DSC08895-2-225x300.jpg 225w, https:\/\/dev.nordicsteelforce.dk\/wp-content\/uploads\/2026\/01\/DSC08895-2-1152x1536.jpg 1152w, https:\/\/dev.nordicsteelforce.dk\/wp-content\/uploads\/2026\/01\/DSC08895-2-1536x2048.jpg 1536w, https:\/\/dev.nordicsteelforce.dk\/wp-content\/uploads\/2026\/01\/DSC08895-2-scaled.jpg 1920w\" sizes=\"(max-width: 768px) 100vw, 768px\" \/>\t\t\t\t\t\t\t\t\t\t\t\t\t\t\t<\/div>\n\t\t\t\t\t<\/div>\n\t\t\t\t<\/div>\n\t\t<div class=\"elementor-element elementor-element-6742eda e-flex e-con-boxed e-con e-parent\" data-id=\"6742eda\" data-element_type=\"container\" data-e-type=\"container\" data-settings=\"{&quot;background_background&quot;:&quot;classic&quot;}\">\n\t\t\t\t\t<div class=\"e-con-inner\">\n\t\t\t\t<div class=\"elementor-element elementor-element-9a9b806 elementor-widget__width-initial elementor-widget elementor-widget-image-box\" data-id=\"9a9b806\" data-element_type=\"widget\" data-e-type=\"widget\" data-widget_type=\"image-box.default\">\n\t\t\t\t\t<div class=\"elementor-image-box-wrapper\"><div class=\"elementor-image-box-content\"><h3 class=\"elementor-image-box-title\">Vores v\u00e6rdier<\/h3><p class=\"elementor-image-box-description\">Tekst <\/p><\/div><\/div>\t\t\t\t<\/div>\n\t\t\t\t<div class=\"elementor-element elementor-element-a437c86 elementor-widget__width-initial elementor-widget elementor-widget-image-box\" data-id=\"a437c86\" data-element_type=\"widget\" data-e-type=\"widget\" data-widget_type=\"image-box.default\">\n\t\t\t\t\t<div class=\"elementor-image-box-wrapper\"><div class=\"elementor-image-box-content\"><h3 class=\"elementor-image-box-title\">Hvem ans\u00e6tter vi?<\/h3><p class=\"elementor-image-box-description\">Tekst <\/p><\/div><\/div>\t\t\t\t<\/div>\n\t\t\t\t\t<\/div>\n\t\t\t\t<\/div>\n\t\t<div class=\"elementor-element elementor-element-72613183 e-con-full e-flex e-con e-parent\" data-id=\"72613183\" data-element_type=\"container\" data-e-type=\"container\" data-settings=\"{&quot;background_background&quot;:&quot;classic&quot;}\">\n\t\t\t\t<div class=\"elementor-element elementor-element-36f844c0 animated-slow elementor-invisible elementor-widget elementor-widget-heading\" data-id=\"36f844c0\" data-element_type=\"widget\" data-e-type=\"widget\" data-settings=\"{&quot;_animation&quot;:&quot;slideInUp&quot;}\" data-widget_type=\"heading.default\">\n\t\t\t\t\t<h2 class=\"elementor-heading-title elementor-size-default\">TOMS VISION<\/h2>\t\t\t\t<\/div>\n\t\t<div class=\"elementor-element elementor-element-1f950c5a e-con-full e-flex e-con e-child\" data-id=\"1f950c5a\" data-element_type=\"container\" data-e-type=\"container\">\n\t\t<div class=\"elementor-element elementor-element-3775a887 animated-slow e-con-full e-flex elementor-invisible e-con e-child\" data-id=\"3775a887\" data-element_type=\"container\" data-e-type=\"container\" data-settings=\"{&quot;background_background&quot;:&quot;classic&quot;,&quot;animation&quot;:&quot;fadeInUp&quot;,&quot;animation_delay&quot;:600}\">\n\t\t\t\t<\/div>\n\t\t<div class=\"elementor-element elementor-element-3e79cd61 e-con-full e-flex e-con e-child\" data-id=\"3e79cd61\" data-element_type=\"container\" data-e-type=\"container\">\n\t\t\t\t<div class=\"elementor-element elementor-element-4acd3405 elementor-blockquote--skin-quotation elementor-blockquote--align-center elementor-widget elementor-widget-blockquote\" data-id=\"4acd3405\" data-element_type=\"widget\" data-e-type=\"widget\" data-widget_type=\"blockquote.default\">\n\t\t\t\t\t\t\t<blockquote class=\"elementor-blockquote\">\n\t\t\t<p class=\"elementor-blockquote__content\">\n\t\t\t\tVi g\u00f8r det sammen\t\t\t<\/p>\n\t\t\t\t\t<\/blockquote>\n\t\t\t\t\t\t<\/div>\n\t\t\t\t<div class=\"elementor-element elementor-element-534afb52 elementor-widget elementor-widget-text-editor\" data-id=\"534afb52\" data-element_type=\"widget\" data-e-type=\"widget\" data-widget_type=\"text-editor.default\">\n\t\t\t\t\t\t\t\t\t<p>Tekst her fra tom selv<\/p><p>Lorem ipsum dolor sit amet, consectetur adipiscing elit, sed do eiusmod tempor incididunt ut labore et dolore magna aliqua. Ut enim ad minim veniam, quis nostrud exercitation ullamco laboris nisi ut aliquip ex ea commodo consequat.<\/p><p>Lorem ipsum dolor sit amet, consectetur adipiscing elit, sed do eiusmod tempor incididunt ut labore et dolore magna aliqua. Ut enim ad minim veniam, quis nostrud exercitation ullamco laboris nisi ut aliquip ex ea commodo consequat.<\/p>\t\t\t\t\t\t\t\t<\/div>\n\t\t\t\t<\/div>\n\t\t\t\t<\/div>\n\t\t\t\t<\/div>\n\t\t\t\t<\/div>\n\t\t","protected":false},"excerpt":{"rendered":"<p>Nordic Steel Force OM os Hvem er vi? Velkommen til Nordic Steel Force &#8211; din p\u00e5lidelige leverand\u00f8r og samarbejdspartner inden [&hellip;]<\/p>\n","protected":false},"author":1,"featured_media":0,"parent":0,"menu_order":0,"comment_status":"closed","ping_status":"closed","template":"","meta":{"_eb_attr":"","site-sidebar-layout":"no-sidebar","site-content-layout":"","ast-site-content-layout":"full-width-container","site-content-style":"default","site-sidebar-style":"default","ast-global-header-display":"disabled","ast-banner-title-visibility":"disabled","ast-main-header-display":"","ast-hfb-above-header-display":"","ast-hfb-below-header-display":"","ast-hfb-mobile-header-display":"","site-post-title":"","ast-breadcrumbs-content":"","ast-featured-img":"disabled","footer-sml-layout":"disabled","ast-disable-related-posts":"","theme-transparent-header-meta":"","adv-header-id-meta":"","stick-header-meta":"","header-above-stick-meta":"","header-main-stick-meta":"","header-below-stick-meta":"","astra-migrate-meta-layouts":"default","ast-page-background-enabled":"default","ast-page-background-meta":{"desktop":{"background-color":"var(--ast-global-color-5)","background-image":"","background-repeat":"repeat","background-position":"center center","background-size":"auto","background-attachment":"scroll","background-type":"","background-media":"","overlay-type":"","overlay-color":"","overlay-opacity":"","overlay-gradient":""},"tablet":{"background-color":"","background-image":"","background-repeat":"repeat","background-position":"center center","background-size":"auto","background-attachment":"scroll","background-type":"","background-media":"","overlay-type":"","overlay-color":"","overlay-opacity":"","overlay-gradient":""},"mobile":{"background-color":"","background-image":"","background-repeat":"repeat","background-position":"center center","background-size":"auto","background-attachment":"scroll","background-type":"","background-media":"","overlay-type":"","overlay-color":"","overlay-opacity":"","overlay-gradient":""}},"ast-content-background-meta":{"desktop":{"background-color":"var(--ast-global-color-4)","background-image":"","background-repeat":"repeat","background-position":"center center","background-size":"auto","background-attachment":"scroll","background-type":"","background-media":"","overlay-type":"","overlay-color":"","overlay-opacity":"","overlay-gradient":""},"tablet":{"background-color":"var(--ast-global-color-4)","background-image":"","background-repeat":"repeat","background-position":"center center","background-size":"auto","background-attachment":"scroll","background-type":"","background-media":"","overlay-type":"","overlay-color":"","overlay-opacity":"","overlay-gradient":""},"mobile":{"background-color":"var(--ast-global-color-4)","background-image":"","background-repeat":"repeat","background-position":"center center","background-size":"auto","background-attachment":"scroll","background-type":"","background-media":"","overlay-type":"","overlay-color":"","overlay-opacity":"","overlay-gradient":""}},"footnotes":""},"class_list":["post-190","page","type-page","status-publish","hentry"],"_links":{"self":[{"href":"https:\/\/dev.nordicsteelforce.dk\/index.php?rest_route=\/wp\/v2\/pages\/190","targetHints":{"allow":["GET"]}}],"collection":[{"href":"https:\/\/dev.nordicsteelforce.dk\/index.php?rest_route=\/wp\/v2\/pages"}],"about":[{"href":"https:\/\/dev.nordicsteelforce.dk\/index.php?rest_route=\/wp\/v2\/types\/page"}],"author":[{"embeddable":true,"href":"https:\/\/dev.nordicsteelforce.dk\/index.php?rest_route=\/wp\/v2\/users\/1"}],"replies":[{"embeddable":true,"href":"https:\/\/dev.nordicsteelforce.dk\/index.php?rest_route=%2Fwp%2Fv2%2Fcomments&post=190"}],"version-history":[{"count":4,"href":"https:\/\/dev.nordicsteelforce.dk\/index.php?rest_route=\/wp\/v2\/pages\/190\/revisions"}],"predecessor-version":[{"id":196,"href":"https:\/\/dev.nordicsteelforce.dk\/index.php?rest_route=\/wp\/v2\/pages\/190\/revisions\/196"}],"wp:attachment":[{"href":"https:\/\/dev.nordicsteelforce.dk\/index.php?rest_route=%2Fwp%2Fv2%2Fmedia&parent=190"}],"curies":[{"name":"wp","href":"https:\/\/api.w.org\/{rel}","templated":true}]}}